{"id":107,"date":"2019-09-02T12:01:57","date_gmt":"2019-09-02T12:01:57","guid":{"rendered":"https:\/\/xspraypharma.com\/?page_id=107"},"modified":"2021-11-23T16:09:33","modified_gmt":"2021-11-23T16:09:33","slug":"styrningsstruktur","status":"publish","type":"page","link":"https:\/\/xspraypharma.com\/sv\/investerare\/bolagsstyrning\/styrningsstruktur\/","title":{"rendered":"Styrningsstruktur"},"content":{"rendered":"<section class=\"block content-block\">\n\t\t\t\t\t\t<div class=\"container-fluid container-small editor_content\">\n\t\t\t\t<h1>Styrningsstruktur<\/h1>\n<p>Xspray Pharma \u00e4r ett svenskt publikt bolag baserat i Stockholm.<br \/>\nBolagsstyrning avser de system genom vilka aktie\u00e4garna, direkt eller indirekt, kontrollerar bolaget. God bolagsstyrning \u00e4r en viktig del av arbetet f\u00f6r att skapa v\u00e4rde f\u00f6r Xspray Pharmas aktie\u00e4gare.<br \/>\nBolagsstyrningen \u00e4r baserad p\u00e5 svensk lagstiftning, bolagets bolagsordning, interna regler och f\u00f6reskrifter, god sed p\u00e5 aktiemarknaden samt Svensk kod f\u00f6r bolagsstyrning (&#8221;Koden&#8221;). Vidare har Xspray Pharma ett antal policyhandlingar och handb\u00f6cker som inneh\u00e5ller regler och rekommendationer och ger v\u00e4gledning om f\u00f6retagets verksamhet och f\u00f6r sina anst\u00e4llda.<\/p>\n<h1><img loading=\"lazy\" decoding=\"async\" class=\"alignnone wp-image-2436 size-full\" src=\"https:\/\/xspraypharma.com\/wp-content\/uploads\/2019\/11\/Organogram_Bolagsstyrning_Beslut.docx.png\" alt=\"\" width=\"827\" height=\"541\" srcset=\"https:\/\/xspraypharma.com\/wp-content\/uploads\/2019\/11\/Organogram_Bolagsstyrning_Beslut.docx.png 827w, https:\/\/xspraypharma.com\/wp-content\/uploads\/2019\/11\/Organogram_Bolagsstyrning_Beslut.docx-300x196.png 300w, https:\/\/xspraypharma.com\/wp-content\/uploads\/2019\/11\/Organogram_Bolagsstyrning_Beslut.docx-768x502.png 768w, https:\/\/xspraypharma.com\/wp-content\/uploads\/2019\/11\/Organogram_Bolagsstyrning_Beslut.docx-780x510.png 780w, https:\/\/xspraypharma.com\/wp-content\/uploads\/2019\/11\/Organogram_Bolagsstyrning_Beslut.docx-488x319.png 488w, https:\/\/xspraypharma.com\/wp-content\/uploads\/2019\/11\/Organogram_Bolagsstyrning_Beslut.docx-320x209.png 320w, https:\/\/xspraypharma.com\/wp-content\/uploads\/2019\/11\/Organogram_Bolagsstyrning_Beslut.docx-294x192.png 294w, https:\/\/xspraypharma.com\/wp-content\/uploads\/2019\/11\/Organogram_Bolagsstyrning_Beslut.docx-220x144.png 220w, https:\/\/xspraypharma.com\/wp-content\/uploads\/2019\/11\/Organogram_Bolagsstyrning_Beslut.docx-171x112.png 171w\" sizes=\"auto, (max-width: 827px) 100vw, 827px\" \/><\/h1>\n\t\t\t<\/div>\n\t\t\t\t\t\t\t\t<div class=\"container-fluid container-small editor_content\">\n\t\t\t\t\t\t\t<\/div>\n\t\t\t<\/section>\n","protected":false},"excerpt":{"rendered":"","protected":false},"author":1,"featured_media":0,"parent":87,"menu_order":0,"comment_status":"closed","ping_status":"closed","template":"","meta":{"_acf_changed":false,"footnotes":""},"class_list":["post-107","page","type-page","status-publish","hentry"],"acf":[],"yoast_head":"<!-- This site is optimized with the Yoast SEO plugin v25.4 - https:\/\/yoast.com\/wordpress\/plugins\/seo\/ -->\n<title>Styrningsstruktur - Xspray<\/title>\n<meta name=\"robots\" content=\"index, follow, max-snippet:-1, max-image-preview:large, max-video-preview:-1\" \/>\n<link rel=\"canonical\" href=\"https:\/\/xspraypharma.com\/sv\/investerare\/bolagsstyrning\/styrningsstruktur\/\" \/>\n<meta property=\"og:locale\" content=\"sv_SE\" \/>\n<meta property=\"og:type\" content=\"article\" \/>\n<meta property=\"og:title\" content=\"Styrningsstruktur - Xspray\" \/>\n<meta property=\"og:url\" content=\"https:\/\/xspraypharma.com\/sv\/investerare\/bolagsstyrning\/styrningsstruktur\/\" \/>\n<meta property=\"og:site_name\" content=\"Xspray\" \/>\n<meta property=\"article:modified_time\" content=\"2021-11-23T16:09:33+00:00\" \/>\n<meta name=\"twitter:card\" content=\"summary_large_image\" \/>\n<script type=\"application\/ld+json\" class=\"yoast-schema-graph\">{\"@context\":\"https:\/\/schema.org\",\"@graph\":[{\"@type\":\"WebPage\",\"@id\":\"https:\/\/xspraypharma.com\/sv\/investerare\/bolagsstyrning\/styrningsstruktur\/\",\"url\":\"https:\/\/xspraypharma.com\/sv\/investerare\/bolagsstyrning\/styrningsstruktur\/\",\"name\":\"Styrningsstruktur - Xspray\",\"isPartOf\":{\"@id\":\"https:\/\/xspraypharma.com\/sv\/#website\"},\"datePublished\":\"2019-09-02T12:01:57+00:00\",\"dateModified\":\"2021-11-23T16:09:33+00:00\",\"breadcrumb\":{\"@id\":\"https:\/\/xspraypharma.com\/sv\/investerare\/bolagsstyrning\/styrningsstruktur\/#breadcrumb\"},\"inLanguage\":\"sv-SE\",\"potentialAction\":[{\"@type\":\"ReadAction\",\"target\":[\"https:\/\/xspraypharma.com\/sv\/investerare\/bolagsstyrning\/styrningsstruktur\/\"]}]},{\"@type\":\"BreadcrumbList\",\"@id\":\"https:\/\/xspraypharma.com\/sv\/investerare\/bolagsstyrning\/styrningsstruktur\/#breadcrumb\",\"itemListElement\":[{\"@type\":\"ListItem\",\"position\":1,\"name\":\"Home\",\"item\":\"https:\/\/xspraypharma.com\/sv\/\"},{\"@type\":\"ListItem\",\"position\":2,\"name\":\"Investerare\",\"item\":\"https:\/\/xspraypharma.com\/sv\/investerare\/\"},{\"@type\":\"ListItem\",\"position\":3,\"name\":\"Bolagsstyrning\",\"item\":\"https:\/\/xspraypharma.com\/sv\/investerare\/bolagsstyrning\/\"},{\"@type\":\"ListItem\",\"position\":4,\"name\":\"Styrningsstruktur\"}]},{\"@type\":\"WebSite\",\"@id\":\"https:\/\/xspraypharma.com\/sv\/#website\",\"url\":\"https:\/\/xspraypharma.com\/sv\/\",\"name\":\"Xspray\",\"description\":\"\",\"potentialAction\":[{\"@type\":\"SearchAction\",\"target\":{\"@type\":\"EntryPoint\",\"urlTemplate\":\"https:\/\/xspraypharma.com\/sv\/?s={search_term_string}\"},\"query-input\":{\"@type\":\"PropertyValueSpecification\",\"valueRequired\":true,\"valueName\":\"search_term_string\"}}],\"inLanguage\":\"sv-SE\"}]}<\/script>\n<!-- \/ Yoast SEO plugin. -->","yoast_head_json":{"title":"Styrningsstruktur - Xspray","robots":{"index":"index","follow":"follow","max-snippet":"max-snippet:-1","max-image-preview":"max-image-preview:large","max-video-preview":"max-video-preview:-1"},"canonical":"https:\/\/xspraypharma.com\/sv\/investerare\/bolagsstyrning\/styrningsstruktur\/","og_locale":"sv_SE","og_type":"article","og_title":"Styrningsstruktur - Xspray","og_url":"https:\/\/xspraypharma.com\/sv\/investerare\/bolagsstyrning\/styrningsstruktur\/","og_site_name":"Xspray","article_modified_time":"2021-11-23T16:09:33+00:00","twitter_card":"summary_large_image","schema":{"@context":"https:\/\/schema.org","@graph":[{"@type":"WebPage","@id":"https:\/\/xspraypharma.com\/sv\/investerare\/bolagsstyrning\/styrningsstruktur\/","url":"https:\/\/xspraypharma.com\/sv\/investerare\/bolagsstyrning\/styrningsstruktur\/","name":"Styrningsstruktur - Xspray","isPartOf":{"@id":"https:\/\/xspraypharma.com\/sv\/#website"},"datePublished":"2019-09-02T12:01:57+00:00","dateModified":"2021-11-23T16:09:33+00:00","breadcrumb":{"@id":"https:\/\/xspraypharma.com\/sv\/investerare\/bolagsstyrning\/styrningsstruktur\/#breadcrumb"},"inLanguage":"sv-SE","potentialAction":[{"@type":"ReadAction","target":["https:\/\/xspraypharma.com\/sv\/investerare\/bolagsstyrning\/styrningsstruktur\/"]}]},{"@type":"BreadcrumbList","@id":"https:\/\/xspraypharma.com\/sv\/investerare\/bolagsstyrning\/styrningsstruktur\/#breadcrumb","itemListElement":[{"@type":"ListItem","position":1,"name":"Home","item":"https:\/\/xspraypharma.com\/sv\/"},{"@type":"ListItem","position":2,"name":"Investerare","item":"https:\/\/xspraypharma.com\/sv\/investerare\/"},{"@type":"ListItem","position":3,"name":"Bolagsstyrning","item":"https:\/\/xspraypharma.com\/sv\/investerare\/bolagsstyrning\/"},{"@type":"ListItem","position":4,"name":"Styrningsstruktur"}]},{"@type":"WebSite","@id":"https:\/\/xspraypharma.com\/sv\/#website","url":"https:\/\/xspraypharma.com\/sv\/","name":"Xspray","description":"","potentialAction":[{"@type":"SearchAction","target":{"@type":"EntryPoint","urlTemplate":"https:\/\/xspraypharma.com\/sv\/?s={search_term_string}"},"query-input":{"@type":"PropertyValueSpecification","valueRequired":true,"valueName":"search_term_string"}}],"inLanguage":"sv-SE"}]}},"_links":{"self":[{"href":"https:\/\/xspraypharma.com\/sv\/wp-json\/wp\/v2\/pages\/107","targetHints":{"allow":["GET"]}}],"collection":[{"href":"https:\/\/xspraypharma.com\/sv\/wp-json\/wp\/v2\/pages"}],"about":[{"href":"https:\/\/xspraypharma.com\/sv\/wp-json\/wp\/v2\/types\/page"}],"author":[{"embeddable":true,"href":"https:\/\/xspraypharma.com\/sv\/wp-json\/wp\/v2\/users\/1"}],"replies":[{"embeddable":true,"href":"https:\/\/xspraypharma.com\/sv\/wp-json\/wp\/v2\/comments?post=107"}],"version-history":[{"count":33,"href":"https:\/\/xspraypharma.com\/sv\/wp-json\/wp\/v2\/pages\/107\/revisions"}],"predecessor-version":[{"id":7445,"href":"https:\/\/xspraypharma.com\/sv\/wp-json\/wp\/v2\/pages\/107\/revisions\/7445"}],"up":[{"embeddable":true,"href":"https:\/\/xspraypharma.com\/sv\/wp-json\/wp\/v2\/pages\/87"}],"wp:attachment":[{"href":"https:\/\/xspraypharma.com\/sv\/wp-json\/wp\/v2\/media?parent=107"}],"curies":[{"name":"wp","href":"https:\/\/api.w.org\/{rel}","templated":true}]}}