{"id":130,"date":"2019-09-02T12:06:01","date_gmt":"2019-09-02T12:06:01","guid":{"rendered":"https:\/\/xspraypharma.com\/?page_id=130"},"modified":"2024-02-23T07:30:18","modified_gmt":"2024-02-23T07:30:18","slug":"bolagsordning","status":"publish","type":"page","link":"https:\/\/xspraypharma.com\/sv\/investerare\/bolagsstyrning\/bolagsordning\/","title":{"rendered":"Bolagsordning"},"content":{"rendered":"<section class=\"block content-block\">\n\t\t\t\t\t\t<div class=\"container-fluid container-small editor_content\">\n\t\t\t\t<h1><\/h1>\n<h3><\/h3>\n<h3><\/h3>\n<h3><\/h3>\n<h1>Bolagsordning<br \/>\nXspray Pharma AB (publ)<strong><br \/>\n<\/strong><\/h1>\n<h3><strong>O<\/strong><strong>rg. nr: 556649-3671 <\/strong><\/h3>\n<h3>antagen vid \u00e5rsst\u00e4mma den 19 maj 2022<\/h3>\n<p><strong>1 FIRMA<br \/>\n<\/strong>Aktiebolagets firma \u00e4r Xspray Pharma AB (publ). Bolaget \u00e4r publikt (publ).<\/p>\n<p><strong>2 S\u00c4TE<br \/>\n<\/strong>Styrelsen skall ha sitt s\u00e4te i Solna.<\/p>\n<p><strong>3 VERKSAMHET<br \/>\n<\/strong>Bolaget ska bedriva forsknings-, utvecklings-, f\u00f6rs\u00e4ljnings- och licensieringsverksamhet inom kemi-, l\u00e4kemedels- och livsmedelsomr\u00e5det samt d\u00e4rmed f\u00f6renlig verksamhet.<\/p>\n<p><strong>4 AKTIEKAPITAL<br \/>\n<\/strong>Aktiekapitalet skall vara l\u00e4gst 19 000 000 kronor och h\u00f6gst 76 000 000 kronor.<\/p>\n<p><strong>5 ANTAL AKTIER<br \/>\n<\/strong>Antal aktier skall vara l\u00e4gst 19 000 000 och h\u00f6gst 76 000 000.<\/p>\n<p><strong>6 STYRELSE<br \/>\n<\/strong>Styrelsen skall best\u00e5 av l\u00e4gst 3 och h\u00f6gst 7 styrelseledam\u00f6ter med l\u00e4gst 0 och h\u00f6gst 2 suppleanter.<\/p>\n<p><strong>7 REVISORER<br \/>\n<\/strong>F\u00f6r granskning av aktiebolagets \u00e5rsredovisning j\u00e4mte r\u00e4kenskaperna samt styrelsens och verkst\u00e4llande direkt\u00f6rens f\u00f6rvaltning utses l\u00e4gst 1 och h\u00f6gst 2 godk\u00e4nda revisorer med l\u00e4gst 0 och h\u00f6gst 2 revisorssuppleanter. Till revisor kan \u00e4ven utses ett registrerat revisionsbolag. Uppdraget som revisor ska g\u00e4lla till slutet av den \u00e5rsst\u00e4mma som h\u00e5lls under det f\u00f6rsta, andra, tredje eller fj\u00e4rde r\u00e4kenskaps\u00e5ret efter det \u00e5r d\u00e5 revisorn uts\u00e5gs.<\/p>\n<p><strong>8 KALLELSE<br \/>\n<\/strong>Kallelse till bolagsst\u00e4mma skall ske genom annonsering i Post- och Inrikes Tidningar och genom att kallelsen h\u00e5lls tillg\u00e4nglig p\u00e5 bolagets webbplats. Samtidigt som kallelse sker ska bolaget genom annonsering i Svenska Dagbladet upplysa om att kallelse har skett.<\/p>\n<p>Aktie\u00e4gare som vill delta vid bolagsst\u00e4mma ska dels vara upptagen i utskrift eller annan framst\u00e4llning av aktieboken avseende f\u00f6rh\u00e5llandena sex (6) vardagar f\u00f6re st\u00e4mman, dels g\u00f6ra en anm\u00e4lan till bolaget senast den dag som anges i kallelsen till st\u00e4mman. Sistn\u00e4mnda dag f\u00e5r inte vara s\u00f6ndag, annan allm\u00e4n helgdag, l\u00f6rdag, midsommarafton, julafton eller ny\u00e5rsafton och inte infalla tidigare \u00e4n fem (5) vardagar f\u00f6re st\u00e4mman.<\/p>\n<p>Bitr\u00e4de till aktie\u00e4gare f\u00e5r medf\u00f6ras vid bolagsst\u00e4mman endast om aktie\u00e4garen anm\u00e4ler antalet bitr\u00e4den (h\u00f6gst tv\u00e5) p\u00e5 det s\u00e4tt som anges i f\u00f6reg\u00e5ende stycke. Bolagsst\u00e4mma f\u00e5r, ut\u00f6ver Solna d\u00e4r bolaget har sitt s\u00e4te, \u00e4ven h\u00e5llas i Stockholm.<\/p>\n<p><strong>9 \u00c4RENDEN P\u00c5 BOLAGSST\u00c4MMA<br \/>\n<\/strong>P\u00e5 en \u00e5rsst\u00e4mma skall f\u00f6ljande \u00e4renden behandlas:<\/p>\n<ul>\n<li>Val av ordf\u00f6rande vid bolagsst\u00e4mman.<\/li>\n<li>Uppr\u00e4ttande och godk\u00e4nnande av r\u00f6stl\u00e4ngd.<\/li>\n<li>Val av en eller tv\u00e5 justeringsm\u00e4n.<\/li>\n<li>Pr\u00f6vande av om bolagsst\u00e4mman blivit beh\u00f6rigen sammankallad.<\/li>\n<li>Godk\u00e4nnande av dagordning.<\/li>\n<li>Framl\u00e4ggande av \u00e5rsredovisningen och revisionsber\u00e4ttelsen.<\/li>\n<li>Beslut om:\n<ol>\n<li>fastst\u00e4llande av resultatr\u00e4kningen och balansr\u00e4kningen,<\/li>\n<li>dispositioner betr\u00e4ffande aktiebolagets vinst eller f\u00f6rlust enligt den fastst\u00e4llda balansr\u00e4kningen och<\/li>\n<li>ansvarsfrihet \u00e5t styrelseledam\u00f6terna och verkst\u00e4llande direkt\u00f6ren.<\/li>\n<\/ol>\n<\/li>\n<li>Val av antalet styrelseledam\u00f6ter och suppleanter.<\/li>\n<li>Fastst\u00e4llande av arvoden till styrelsen och revisorn.<\/li>\n<li>Val till styrelsen och i f\u00f6rekommande fall av revisor.<\/li>\n<li>Annat \u00e4rende, som skall tas upp p\u00e5 bolagsst\u00e4mman enligt aktiebolagslagen eller bolagsordningen.<\/li>\n<\/ul>\n<p><strong>10 INSAMLING AV FULLMAKTER OCH POSTR\u00d6STNING<br \/>\n<\/strong>Styrelsen f\u00e5r samla in fullmakter enligt det f\u00f6rfarande som anges i 7 kap. 4 \u00a7 andra stycket aktiebolagslagen (2005:551).<\/p>\n<p>Styrelsen f\u00e5r inf\u00f6r en bolagsst\u00e4mma besluta att aktie\u00e4garna skall kunna ut\u00f6va sin r\u00f6str\u00e4tt per post f\u00f6re bolagsst\u00e4mman.<\/p>\n<p><strong>11 R\u00c4KENSKAPS\u00c5R<br \/>\n<\/strong>Aktiebolagets r\u00e4kenskaps\u00e5r skall vara kalender\u00e5r.<\/p>\n<p><strong>12 AVST\u00c4MNINGSF\u00d6RBEH\u00c5LL<br \/>\n<\/strong>Den aktie\u00e4gare eller f\u00f6rvaltare som p\u00e5 avst\u00e4mningsdagen \u00e4r inf\u00f6rd i aktieboken och antecknad i ett avst\u00e4mningsregister, enligt 4 kap. lagen (1998:1479) om v\u00e4rdepapperscentraler och kontof\u00f6ring av finansiella instrument eller den som \u00e4r antecknad p\u00e5 avst\u00e4mningskonto enligt 4 kap. 18 \u00a7 f\u00f6rsta stycket 6\u20138 n\u00e4mnda lag, ska antas vara beh\u00f6rig att ut\u00f6va de r\u00e4ttigheter som framg\u00e5r av 4 kap. 39 \u00a7 aktiebolagslagen (2005:551).<\/p>\n\t\t\t<\/div>\n\t\t\t<\/section>\n","protected":false},"excerpt":{"rendered":"","protected":false},"author":1,"featured_media":0,"parent":87,"menu_order":0,"comment_status":"closed","ping_status":"closed","template":"","meta":{"_acf_changed":false,"footnotes":""},"class_list":["post-130","page","type-page","status-publish","hentry"],"acf":[],"yoast_head":"<!-- This site is optimized with the Yoast SEO plugin v25.4 - https:\/\/yoast.com\/wordpress\/plugins\/seo\/ -->\n<title>Bolagsordning - Xspray<\/title>\n<meta name=\"robots\" content=\"index, follow, max-snippet:-1, max-image-preview:large, max-video-preview:-1\" \/>\n<link rel=\"canonical\" href=\"https:\/\/xspraypharma.com\/sv\/investerare\/bolagsstyrning\/bolagsordning\/\" \/>\n<meta property=\"og:locale\" content=\"sv_SE\" \/>\n<meta property=\"og:type\" content=\"article\" \/>\n<meta property=\"og:title\" content=\"Bolagsordning - Xspray\" \/>\n<meta property=\"og:url\" content=\"https:\/\/xspraypharma.com\/sv\/investerare\/bolagsstyrning\/bolagsordning\/\" \/>\n<meta property=\"og:site_name\" content=\"Xspray\" \/>\n<meta property=\"article:modified_time\" content=\"2024-02-23T07:30:18+00:00\" \/>\n<meta name=\"twitter:card\" content=\"summary_large_image\" \/>\n<script type=\"application\/ld+json\" class=\"yoast-schema-graph\">{\"@context\":\"https:\/\/schema.org\",\"@graph\":[{\"@type\":\"WebPage\",\"@id\":\"https:\/\/xspraypharma.com\/sv\/investerare\/bolagsstyrning\/bolagsordning\/\",\"url\":\"https:\/\/xspraypharma.com\/sv\/investerare\/bolagsstyrning\/bolagsordning\/\",\"name\":\"Bolagsordning - Xspray\",\"isPartOf\":{\"@id\":\"https:\/\/xspraypharma.com\/sv\/#website\"},\"datePublished\":\"2019-09-02T12:06:01+00:00\",\"dateModified\":\"2024-02-23T07:30:18+00:00\",\"breadcrumb\":{\"@id\":\"https:\/\/xspraypharma.com\/sv\/investerare\/bolagsstyrning\/bolagsordning\/#breadcrumb\"},\"inLanguage\":\"sv-SE\",\"potentialAction\":[{\"@type\":\"ReadAction\",\"target\":[\"https:\/\/xspraypharma.com\/sv\/investerare\/bolagsstyrning\/bolagsordning\/\"]}]},{\"@type\":\"BreadcrumbList\",\"@id\":\"https:\/\/xspraypharma.com\/sv\/investerare\/bolagsstyrning\/bolagsordning\/#breadcrumb\",\"itemListElement\":[{\"@type\":\"ListItem\",\"position\":1,\"name\":\"Home\",\"item\":\"https:\/\/xspraypharma.com\/sv\/\"},{\"@type\":\"ListItem\",\"position\":2,\"name\":\"Investerare\",\"item\":\"https:\/\/xspraypharma.com\/sv\/investerare\/\"},{\"@type\":\"ListItem\",\"position\":3,\"name\":\"Bolagsstyrning\",\"item\":\"https:\/\/xspraypharma.com\/sv\/investerare\/bolagsstyrning\/\"},{\"@type\":\"ListItem\",\"position\":4,\"name\":\"Bolagsordning\"}]},{\"@type\":\"WebSite\",\"@id\":\"https:\/\/xspraypharma.com\/sv\/#website\",\"url\":\"https:\/\/xspraypharma.com\/sv\/\",\"name\":\"Xspray\",\"description\":\"\",\"potentialAction\":[{\"@type\":\"SearchAction\",\"target\":{\"@type\":\"EntryPoint\",\"urlTemplate\":\"https:\/\/xspraypharma.com\/sv\/?s={search_term_string}\"},\"query-input\":{\"@type\":\"PropertyValueSpecification\",\"valueRequired\":true,\"valueName\":\"search_term_string\"}}],\"inLanguage\":\"sv-SE\"}]}<\/script>\n<!-- \/ Yoast SEO plugin. -->","yoast_head_json":{"title":"Bolagsordning - Xspray","robots":{"index":"index","follow":"follow","max-snippet":"max-snippet:-1","max-image-preview":"max-image-preview:large","max-video-preview":"max-video-preview:-1"},"canonical":"https:\/\/xspraypharma.com\/sv\/investerare\/bolagsstyrning\/bolagsordning\/","og_locale":"sv_SE","og_type":"article","og_title":"Bolagsordning - Xspray","og_url":"https:\/\/xspraypharma.com\/sv\/investerare\/bolagsstyrning\/bolagsordning\/","og_site_name":"Xspray","article_modified_time":"2024-02-23T07:30:18+00:00","twitter_card":"summary_large_image","schema":{"@context":"https:\/\/schema.org","@graph":[{"@type":"WebPage","@id":"https:\/\/xspraypharma.com\/sv\/investerare\/bolagsstyrning\/bolagsordning\/","url":"https:\/\/xspraypharma.com\/sv\/investerare\/bolagsstyrning\/bolagsordning\/","name":"Bolagsordning - Xspray","isPartOf":{"@id":"https:\/\/xspraypharma.com\/sv\/#website"},"datePublished":"2019-09-02T12:06:01+00:00","dateModified":"2024-02-23T07:30:18+00:00","breadcrumb":{"@id":"https:\/\/xspraypharma.com\/sv\/investerare\/bolagsstyrning\/bolagsordning\/#breadcrumb"},"inLanguage":"sv-SE","potentialAction":[{"@type":"ReadAction","target":["https:\/\/xspraypharma.com\/sv\/investerare\/bolagsstyrning\/bolagsordning\/"]}]},{"@type":"BreadcrumbList","@id":"https:\/\/xspraypharma.com\/sv\/investerare\/bolagsstyrning\/bolagsordning\/#breadcrumb","itemListElement":[{"@type":"ListItem","position":1,"name":"Home","item":"https:\/\/xspraypharma.com\/sv\/"},{"@type":"ListItem","position":2,"name":"Investerare","item":"https:\/\/xspraypharma.com\/sv\/investerare\/"},{"@type":"ListItem","position":3,"name":"Bolagsstyrning","item":"https:\/\/xspraypharma.com\/sv\/investerare\/bolagsstyrning\/"},{"@type":"ListItem","position":4,"name":"Bolagsordning"}]},{"@type":"WebSite","@id":"https:\/\/xspraypharma.com\/sv\/#website","url":"https:\/\/xspraypharma.com\/sv\/","name":"Xspray","description":"","potentialAction":[{"@type":"SearchAction","target":{"@type":"EntryPoint","urlTemplate":"https:\/\/xspraypharma.com\/sv\/?s={search_term_string}"},"query-input":{"@type":"PropertyValueSpecification","valueRequired":true,"valueName":"search_term_string"}}],"inLanguage":"sv-SE"}]}},"_links":{"self":[{"href":"https:\/\/xspraypharma.com\/sv\/wp-json\/wp\/v2\/pages\/130","targetHints":{"allow":["GET"]}}],"collection":[{"href":"https:\/\/xspraypharma.com\/sv\/wp-json\/wp\/v2\/pages"}],"about":[{"href":"https:\/\/xspraypharma.com\/sv\/wp-json\/wp\/v2\/types\/page"}],"author":[{"embeddable":true,"href":"https:\/\/xspraypharma.com\/sv\/wp-json\/wp\/v2\/users\/1"}],"replies":[{"embeddable":true,"href":"https:\/\/xspraypharma.com\/sv\/wp-json\/wp\/v2\/comments?post=130"}],"version-history":[{"count":15,"href":"https:\/\/xspraypharma.com\/sv\/wp-json\/wp\/v2\/pages\/130\/revisions"}],"predecessor-version":[{"id":9977,"href":"https:\/\/xspraypharma.com\/sv\/wp-json\/wp\/v2\/pages\/130\/revisions\/9977"}],"up":[{"embeddable":true,"href":"https:\/\/xspraypharma.com\/sv\/wp-json\/wp\/v2\/pages\/87"}],"wp:attachment":[{"href":"https:\/\/xspraypharma.com\/sv\/wp-json\/wp\/v2\/media?parent=130"}],"curies":[{"name":"wp","href":"https:\/\/api.w.org\/{rel}","templated":true}]}}