{"id":1508,"date":"2019-10-15T12:29:16","date_gmt":"2019-10-15T12:29:16","guid":{"rendered":"https:\/\/xspraypharma.com\/?page_id=1508"},"modified":"2024-11-07T10:46:36","modified_gmt":"2024-11-07T10:46:36","slug":"integritetspolicy","status":"publish","type":"page","link":"https:\/\/xspraypharma.com\/sv\/integritetspolicy\/","title":{"rendered":"Integritetspolicy"},"content":{"rendered":"<section class=\"block content-block\">\n\t\t\t\t\t\t<div class=\"container-fluid container-small editor_content\">\n\t\t\t\t<h1>Integritetspolicy<\/h1>\n<h3><\/h3>\n<h3>Hantering av personliga uppgifter<\/h3>\n<p>F\u00f6r Xspray Pharma AB \u00e4r din integritet viktig och fr\u00e5n och med 25 maj 2018 f\u00f6ljer vi Allm\u00e4nna dataskyddsf\u00f6rordningen, GDPR (General Data Protection Regulation, 95\/46\/EC).<\/p>\n<h3>Vilka uppgifter registreras och vem \u00e4r ansvarig?<\/h3>\n<p>Det \u00e4r m\u00f6jligt att registrera sin mailadress p\u00e5 Xspray Pharma AB hemsida f\u00f6r att prenumerera p\u00e5 information om bolaget. Mailuppgiften registreras hos mediedatabasen Modular Finance AB (org.nr. <span class=\"ILfuVd\" lang=\"sv\"><span class=\"hgKElc\"><b>556920-1998<\/b><\/span><\/span>), som administrerar prenumerationen, men Xspray Pharma ansvarar f\u00f6r hanteringen av uppgiften. Uppgiften \u00e4r registrerad endast f\u00f6r att kunna hantera prenumerationen.<\/p>\n<h3>Tredje part<\/h3>\n<p>Uppgiften s\u00e4ljs eller \u00f6verl\u00e5tes inte till tredje part, men f\u00f6r att uppfylla v\u00e5ra tj\u00e4nster kan dina personuppgifter delas med Xspray Pharmas partners som t.ex. hanterar drift, teknisk support samt underh\u00e5ll av IT-l\u00f6sningar.<\/p>\n<h3>Cookies<\/h3>\n<p>Xspray Pharma anv\u00e4nder cookies f\u00f6r att f\u00f6renkla anv\u00e4ndandet av bolagets hemsida. L\u00e4s mer om cookies i v\u00e5r <a href=\"http:\/\/xspraypharma.com\/cookies-policy\/\">cookies policy<\/a>.<\/p>\n<h3>S\u00e5 l\u00e4nge sparas informationen<\/h3>\n<p>Prenumerationen kan avslutas n\u00e4r som helst, via en l\u00e4nk i ett mailutskick fr\u00e5n Xspray Pharma AB. Vid avslutad prenumeration raderas mailadressen omedelbart hos MFN AB.<\/p>\n<h3>V\u00e4lkommen att kontakta oss<\/h3>\n<p>Kontakta oss g\u00e4rna p\u00e5 <a href=\"mailto:info@xspray.com\">privacy@xspray.com<\/a> om du har fr\u00e5gor om v\u00e5r integritetspolicy eller om hanteringen av dina personuppgifter.<\/p>\n\t\t\t<\/div>\n\t\t\t<\/section>\n","protected":false},"excerpt":{"rendered":"","protected":false},"author":1,"featured_media":0,"parent":0,"menu_order":0,"comment_status":"closed","ping_status":"closed","template":"","meta":{"_acf_changed":false,"footnotes":""},"class_list":["post-1508","page","type-page","status-publish","hentry"],"acf":[],"yoast_head":"<!-- This site is optimized with the Yoast SEO plugin v25.4 - https:\/\/yoast.com\/wordpress\/plugins\/seo\/ -->\n<title>Integritetspolicy - Xspray<\/title>\n<meta name=\"robots\" content=\"index, follow, max-snippet:-1, max-image-preview:large, max-video-preview:-1\" \/>\n<link rel=\"canonical\" href=\"https:\/\/xspraypharma.com\/sv\/integritetspolicy\/\" \/>\n<meta property=\"og:locale\" content=\"sv_SE\" \/>\n<meta property=\"og:type\" content=\"article\" \/>\n<meta property=\"og:title\" content=\"Integritetspolicy - Xspray\" \/>\n<meta property=\"og:url\" content=\"https:\/\/xspraypharma.com\/sv\/integritetspolicy\/\" \/>\n<meta property=\"og:site_name\" content=\"Xspray\" \/>\n<meta property=\"article:modified_time\" content=\"2024-11-07T10:46:36+00:00\" \/>\n<meta name=\"twitter:card\" content=\"summary_large_image\" \/>\n<script type=\"application\/ld+json\" class=\"yoast-schema-graph\">{\"@context\":\"https:\/\/schema.org\",\"@graph\":[{\"@type\":\"WebPage\",\"@id\":\"https:\/\/xspraypharma.com\/sv\/integritetspolicy\/\",\"url\":\"https:\/\/xspraypharma.com\/sv\/integritetspolicy\/\",\"name\":\"Integritetspolicy - Xspray\",\"isPartOf\":{\"@id\":\"https:\/\/xspraypharma.com\/sv\/#website\"},\"datePublished\":\"2019-10-15T12:29:16+00:00\",\"dateModified\":\"2024-11-07T10:46:36+00:00\",\"breadcrumb\":{\"@id\":\"https:\/\/xspraypharma.com\/sv\/integritetspolicy\/#breadcrumb\"},\"inLanguage\":\"sv-SE\",\"potentialAction\":[{\"@type\":\"ReadAction\",\"target\":[\"https:\/\/xspraypharma.com\/sv\/integritetspolicy\/\"]}]},{\"@type\":\"BreadcrumbList\",\"@id\":\"https:\/\/xspraypharma.com\/sv\/integritetspolicy\/#breadcrumb\",\"itemListElement\":[{\"@type\":\"ListItem\",\"position\":1,\"name\":\"Home\",\"item\":\"https:\/\/xspraypharma.com\/sv\/\"},{\"@type\":\"ListItem\",\"position\":2,\"name\":\"Integritetspolicy\"}]},{\"@type\":\"WebSite\",\"@id\":\"https:\/\/xspraypharma.com\/sv\/#website\",\"url\":\"https:\/\/xspraypharma.com\/sv\/\",\"name\":\"Xspray\",\"description\":\"\",\"potentialAction\":[{\"@type\":\"SearchAction\",\"target\":{\"@type\":\"EntryPoint\",\"urlTemplate\":\"https:\/\/xspraypharma.com\/sv\/?s={search_term_string}\"},\"query-input\":{\"@type\":\"PropertyValueSpecification\",\"valueRequired\":true,\"valueName\":\"search_term_string\"}}],\"inLanguage\":\"sv-SE\"}]}<\/script>\n<!-- \/ Yoast SEO plugin. -->","yoast_head_json":{"title":"Integritetspolicy - Xspray","robots":{"index":"index","follow":"follow","max-snippet":"max-snippet:-1","max-image-preview":"max-image-preview:large","max-video-preview":"max-video-preview:-1"},"canonical":"https:\/\/xspraypharma.com\/sv\/integritetspolicy\/","og_locale":"sv_SE","og_type":"article","og_title":"Integritetspolicy - Xspray","og_url":"https:\/\/xspraypharma.com\/sv\/integritetspolicy\/","og_site_name":"Xspray","article_modified_time":"2024-11-07T10:46:36+00:00","twitter_card":"summary_large_image","schema":{"@context":"https:\/\/schema.org","@graph":[{"@type":"WebPage","@id":"https:\/\/xspraypharma.com\/sv\/integritetspolicy\/","url":"https:\/\/xspraypharma.com\/sv\/integritetspolicy\/","name":"Integritetspolicy - Xspray","isPartOf":{"@id":"https:\/\/xspraypharma.com\/sv\/#website"},"datePublished":"2019-10-15T12:29:16+00:00","dateModified":"2024-11-07T10:46:36+00:00","breadcrumb":{"@id":"https:\/\/xspraypharma.com\/sv\/integritetspolicy\/#breadcrumb"},"inLanguage":"sv-SE","potentialAction":[{"@type":"ReadAction","target":["https:\/\/xspraypharma.com\/sv\/integritetspolicy\/"]}]},{"@type":"BreadcrumbList","@id":"https:\/\/xspraypharma.com\/sv\/integritetspolicy\/#breadcrumb","itemListElement":[{"@type":"ListItem","position":1,"name":"Home","item":"https:\/\/xspraypharma.com\/sv\/"},{"@type":"ListItem","position":2,"name":"Integritetspolicy"}]},{"@type":"WebSite","@id":"https:\/\/xspraypharma.com\/sv\/#website","url":"https:\/\/xspraypharma.com\/sv\/","name":"Xspray","description":"","potentialAction":[{"@type":"SearchAction","target":{"@type":"EntryPoint","urlTemplate":"https:\/\/xspraypharma.com\/sv\/?s={search_term_string}"},"query-input":{"@type":"PropertyValueSpecification","valueRequired":true,"valueName":"search_term_string"}}],"inLanguage":"sv-SE"}]}},"_links":{"self":[{"href":"https:\/\/xspraypharma.com\/sv\/wp-json\/wp\/v2\/pages\/1508","targetHints":{"allow":["GET"]}}],"collection":[{"href":"https:\/\/xspraypharma.com\/sv\/wp-json\/wp\/v2\/pages"}],"about":[{"href":"https:\/\/xspraypharma.com\/sv\/wp-json\/wp\/v2\/types\/page"}],"author":[{"embeddable":true,"href":"https:\/\/xspraypharma.com\/sv\/wp-json\/wp\/v2\/users\/1"}],"replies":[{"embeddable":true,"href":"https:\/\/xspraypharma.com\/sv\/wp-json\/wp\/v2\/comments?post=1508"}],"version-history":[{"count":5,"href":"https:\/\/xspraypharma.com\/sv\/wp-json\/wp\/v2\/pages\/1508\/revisions"}],"predecessor-version":[{"id":9529,"href":"https:\/\/xspraypharma.com\/sv\/wp-json\/wp\/v2\/pages\/1508\/revisions\/9529"}],"wp:attachment":[{"href":"https:\/\/xspraypharma.com\/sv\/wp-json\/wp\/v2\/media?parent=1508"}],"curies":[{"name":"wp","href":"https:\/\/api.w.org\/{rel}","templated":true}]}}