{"id":1529,"date":"2019-10-18T09:05:37","date_gmt":"2019-10-18T09:05:37","guid":{"rendered":"https:\/\/xspraypharma.com\/?page_id=1529"},"modified":"2019-10-18T09:05:38","modified_gmt":"2019-10-18T09:05:38","slug":"cookies-policy","status":"publish","type":"page","link":"https:\/\/xspraypharma.com\/sv\/cookies-policy\/","title":{"rendered":"Cookies policy"},"content":{"rendered":"<section class=\"block content-block\">\n\t\t\t\t\t\t<div class=\"container-fluid container-small editor_content\">\n\t\t\t\t<h1>Cookies policy<\/h1>\n<p>En cookie \u00e4r en informationsfil som lagras i anv\u00e4ndarens enhet. Xspray anv\u00e4nder cookies f\u00f6r att m\u00e4ta trafik och samla anv\u00e4ndarstatistik.<\/p>\n<p>Det finns tv\u00e5 typer av cookies; permanenta och tempor\u00e4ra (s.k. sessionscookies). Permanenta cookies lagras som en fil p\u00e5 din enhet under en l\u00e4ngre period. N\u00e4r utg\u00e5ngsdatumet passerats raderas cookien n\u00e4r du \u00e5terv\u00e4nder till den webbplats som skapade den. Sessionscookies placeras tempor\u00e4rt p\u00e5 din dator n\u00e4r du bes\u00f6ker webbplatsen och skickas mellan din dator och servern under tiden du bes\u00f6ker webbplatsen och raderas n\u00e4r du st\u00e4nger din webbl\u00e4sare.<\/p>\n<p>Om du inte vill till\u00e5ta lagring av cookies i din dator kan du hindra det genom inst\u00e4llningarna i din webbl\u00e4sare. Inga cookies kommer d\u00e5 att lagras.<\/p>\n<h3>Samtycke till anv\u00e4ndning av cookies<\/h3>\n<p>Du samtycker till Xsprays anv\u00e4ndning av cookies genom att forts\u00e4tta att anv\u00e4nda webbplatsen och till\u00e5ta cookies i din webbl\u00e4sare.<\/p>\n\t\t\t<\/div>\n\t\t\t<\/section>\n","protected":false},"excerpt":{"rendered":"","protected":false},"author":1,"featured_media":0,"parent":0,"menu_order":0,"comment_status":"closed","ping_status":"closed","template":"","meta":{"_acf_changed":false,"footnotes":""},"class_list":["post-1529","page","type-page","status-publish","hentry"],"acf":[],"yoast_head":"<!-- This site is optimized with the Yoast SEO plugin v25.4 - https:\/\/yoast.com\/wordpress\/plugins\/seo\/ -->\n<title>Cookies policy - Xspray<\/title>\n<meta name=\"robots\" content=\"index, follow, max-snippet:-1, max-image-preview:large, max-video-preview:-1\" \/>\n<link rel=\"canonical\" href=\"https:\/\/xspraypharma.com\/sv\/cookies-policy\/\" \/>\n<meta property=\"og:locale\" content=\"sv_SE\" \/>\n<meta property=\"og:type\" content=\"article\" \/>\n<meta property=\"og:title\" content=\"Cookies policy - Xspray\" \/>\n<meta property=\"og:url\" content=\"https:\/\/xspraypharma.com\/sv\/cookies-policy\/\" \/>\n<meta property=\"og:site_name\" content=\"Xspray\" \/>\n<meta property=\"article:modified_time\" content=\"2019-10-18T09:05:38+00:00\" \/>\n<meta name=\"twitter:card\" content=\"summary_large_image\" \/>\n<script type=\"application\/ld+json\" class=\"yoast-schema-graph\">{\"@context\":\"https:\/\/schema.org\",\"@graph\":[{\"@type\":\"WebPage\",\"@id\":\"https:\/\/xspraypharma.com\/sv\/cookies-policy\/\",\"url\":\"https:\/\/xspraypharma.com\/sv\/cookies-policy\/\",\"name\":\"Cookies policy - Xspray\",\"isPartOf\":{\"@id\":\"https:\/\/xspraypharma.com\/sv\/#website\"},\"datePublished\":\"2019-10-18T09:05:37+00:00\",\"dateModified\":\"2019-10-18T09:05:38+00:00\",\"breadcrumb\":{\"@id\":\"https:\/\/xspraypharma.com\/sv\/cookies-policy\/#breadcrumb\"},\"inLanguage\":\"sv-SE\",\"potentialAction\":[{\"@type\":\"ReadAction\",\"target\":[\"https:\/\/xspraypharma.com\/sv\/cookies-policy\/\"]}]},{\"@type\":\"BreadcrumbList\",\"@id\":\"https:\/\/xspraypharma.com\/sv\/cookies-policy\/#breadcrumb\",\"itemListElement\":[{\"@type\":\"ListItem\",\"position\":1,\"name\":\"Home\",\"item\":\"https:\/\/xspraypharma.com\/sv\/\"},{\"@type\":\"ListItem\",\"position\":2,\"name\":\"Cookies policy\"}]},{\"@type\":\"WebSite\",\"@id\":\"https:\/\/xspraypharma.com\/sv\/#website\",\"url\":\"https:\/\/xspraypharma.com\/sv\/\",\"name\":\"Xspray\",\"description\":\"\",\"potentialAction\":[{\"@type\":\"SearchAction\",\"target\":{\"@type\":\"EntryPoint\",\"urlTemplate\":\"https:\/\/xspraypharma.com\/sv\/?s={search_term_string}\"},\"query-input\":{\"@type\":\"PropertyValueSpecification\",\"valueRequired\":true,\"valueName\":\"search_term_string\"}}],\"inLanguage\":\"sv-SE\"}]}<\/script>\n<!-- \/ Yoast SEO plugin. -->","yoast_head_json":{"title":"Cookies policy - Xspray","robots":{"index":"index","follow":"follow","max-snippet":"max-snippet:-1","max-image-preview":"max-image-preview:large","max-video-preview":"max-video-preview:-1"},"canonical":"https:\/\/xspraypharma.com\/sv\/cookies-policy\/","og_locale":"sv_SE","og_type":"article","og_title":"Cookies policy - Xspray","og_url":"https:\/\/xspraypharma.com\/sv\/cookies-policy\/","og_site_name":"Xspray","article_modified_time":"2019-10-18T09:05:38+00:00","twitter_card":"summary_large_image","schema":{"@context":"https:\/\/schema.org","@graph":[{"@type":"WebPage","@id":"https:\/\/xspraypharma.com\/sv\/cookies-policy\/","url":"https:\/\/xspraypharma.com\/sv\/cookies-policy\/","name":"Cookies policy - Xspray","isPartOf":{"@id":"https:\/\/xspraypharma.com\/sv\/#website"},"datePublished":"2019-10-18T09:05:37+00:00","dateModified":"2019-10-18T09:05:38+00:00","breadcrumb":{"@id":"https:\/\/xspraypharma.com\/sv\/cookies-policy\/#breadcrumb"},"inLanguage":"sv-SE","potentialAction":[{"@type":"ReadAction","target":["https:\/\/xspraypharma.com\/sv\/cookies-policy\/"]}]},{"@type":"BreadcrumbList","@id":"https:\/\/xspraypharma.com\/sv\/cookies-policy\/#breadcrumb","itemListElement":[{"@type":"ListItem","position":1,"name":"Home","item":"https:\/\/xspraypharma.com\/sv\/"},{"@type":"ListItem","position":2,"name":"Cookies policy"}]},{"@type":"WebSite","@id":"https:\/\/xspraypharma.com\/sv\/#website","url":"https:\/\/xspraypharma.com\/sv\/","name":"Xspray","description":"","potentialAction":[{"@type":"SearchAction","target":{"@type":"EntryPoint","urlTemplate":"https:\/\/xspraypharma.com\/sv\/?s={search_term_string}"},"query-input":{"@type":"PropertyValueSpecification","valueRequired":true,"valueName":"search_term_string"}}],"inLanguage":"sv-SE"}]}},"_links":{"self":[{"href":"https:\/\/xspraypharma.com\/sv\/wp-json\/wp\/v2\/pages\/1529","targetHints":{"allow":["GET"]}}],"collection":[{"href":"https:\/\/xspraypharma.com\/sv\/wp-json\/wp\/v2\/pages"}],"about":[{"href":"https:\/\/xspraypharma.com\/sv\/wp-json\/wp\/v2\/types\/page"}],"author":[{"embeddable":true,"href":"https:\/\/xspraypharma.com\/sv\/wp-json\/wp\/v2\/users\/1"}],"replies":[{"embeddable":true,"href":"https:\/\/xspraypharma.com\/sv\/wp-json\/wp\/v2\/comments?post=1529"}],"version-history":[{"count":2,"href":"https:\/\/xspraypharma.com\/sv\/wp-json\/wp\/v2\/pages\/1529\/revisions"}],"predecessor-version":[{"id":1531,"href":"https:\/\/xspraypharma.com\/sv\/wp-json\/wp\/v2\/pages\/1529\/revisions\/1531"}],"wp:attachment":[{"href":"https:\/\/xspraypharma.com\/sv\/wp-json\/wp\/v2\/media?parent=1529"}],"curies":[{"name":"wp","href":"https:\/\/api.w.org\/{rel}","templated":true}]}}