{"id":1707,"date":"2019-11-10T15:18:24","date_gmt":"2019-11-10T15:18:24","guid":{"rendered":"https:\/\/xspraypharma.com\/?page_id=1707"},"modified":"2025-03-21T12:30:57","modified_gmt":"2025-03-21T12:30:57","slug":"om-oss","status":"publish","type":"page","link":"https:\/\/xspraypharma.com\/sv\/om-oss\/","title":{"rendered":"Om oss"},"content":{"rendered":"\n\n\n\n<section class=\"block content-block\">\n\t\t\t\t\t\t<div class=\"container-fluid container-small editor_content\">\n\t\t\t\t<h1>Om oss<\/h1>\n<p>Xspray Pharma AB (publ) \u00e4r ett l\u00e4kemedelsbolag med ett antal produktkandidater under klinisk utveckling. Xspray Pharma anv\u00e4nder sin innovativa patenterade HyNap-teknologi f\u00f6r att utveckla f\u00f6rb\u00e4ttrade versioner av marknadsf\u00f6rda proteinkinash\u00e4mmare (PKI), s\u00e5 kallade originall\u00e4kemedel, f\u00f6r behandling av cancer. Segmentet \u00e4r det st\u00f6rsta inom onkologiomr\u00e5det och l\u00e4kemedelspriserna \u00e4r mycket h\u00f6ga.<\/p>\n<p>PKI:er revolutionerade cancerbehandlingen n\u00e4r de kom ut p\u00e5 marknaden f\u00f6r mer \u00e4n tjugo \u00e5r sedan och idag finns drygt 80 godk\u00e4nda PKI:er p\u00e5 den amerikanska marknaden. Trots deras kliniska f\u00f6rdelar \u00e4r de f\u00f6rknippade med problem som l\u00e5g l\u00f6slighet, h\u00f6g variabilitet i upptaget och p\u00e5verkan p\u00e5 upptaget vid intag av mat och andra l\u00e4kemedel. Dessa egenskaper p\u00e5verkar patienternas livskvalitet negativt och kan resultera i en mindre effektiv behandling.\u00a0Xspray Pharmas aff\u00e4rsstrategi \u00e4r att med hj\u00e4lp av bolagets teknologi f\u00f6rb\u00e4ttra dessa egenskaper och ta fram l\u00e4kemedelsprodukter som \u00e4r b\u00e4st i denna klass.<\/p>\n<p>Bolagets f\u00f6rsta produktkandidat Dasynoc\u00ae n\u00e4rmar sig kommersialisering. Produktkandidaten \u00e4r redo f\u00f6r lansering p\u00e5 den amerikanska marknaden i direkt anslutning till godk\u00e4nnande av FDA, vilket v\u00e4ntas ske under 2025.<\/p>\n<p><strong>Dasonycs profilf\u00f6rdelar<\/strong>:<br \/>\n\u2022 Dasynoc\u00ae \u00e4r op\u00e5verkad av magens pH-v\u00e4rde och kan d\u00e4rmed anv\u00e4ndas<br \/>\ntillsammans med protonpumpsh\u00e4mmare, s\u00e5som exempelvis omeprazol,<br \/>\nutan att absorptionen av l\u00e4kemedlet p\u00e5verkas. Detta m\u00f6jligg\u00f6r samtidig<br \/>\nbehandling av vanliga sjukdomar i mags\u00e4cken, som mags\u00e5r och gastrit,<br \/>\nmed protonpumpsh\u00e4mmare samtidigt som patienten behandlas f\u00f6r sin<br \/>\ncancer.<br \/>\n\u2022 Dasynoc\u00ae ger ett j\u00e4mnare upptag av l\u00e4kemedlet i kroppen utan de variationer<br \/>\nsom setts i tidigare studier av originalprodukten.<br \/>\n\u2022 Dasynoc\u00ae kan ges med en 30 procent l\u00e4gre dos \u00e4n originalprodukten.<\/p>\n<p>Xspray genomf\u00f6r dessutom specifika klinikstudier f\u00f6r att p\u00e5visa produktkandidaternas<br \/>\nf\u00f6rdelar gentemot originalprodukten och dess generika.<\/p>\n\t\t\t<\/div>\n\t\t\t<\/section>\n","protected":false},"excerpt":{"rendered":"","protected":false},"author":1,"featured_media":0,"parent":0,"menu_order":0,"comment_status":"closed","ping_status":"closed","template":"","meta":{"_acf_changed":false,"footnotes":""},"class_list":["post-1707","page","type-page","status-publish","hentry"],"acf":[],"yoast_head":"<!-- This site is optimized with the Yoast SEO plugin v25.4 - https:\/\/yoast.com\/wordpress\/plugins\/seo\/ -->\n<title>Om oss - Xspray<\/title>\n<meta name=\"robots\" content=\"index, follow, max-snippet:-1, max-image-preview:large, max-video-preview:-1\" \/>\n<link rel=\"canonical\" href=\"https:\/\/xspraypharma.com\/sv\/om-oss\/\" \/>\n<meta property=\"og:locale\" content=\"sv_SE\" \/>\n<meta property=\"og:type\" content=\"article\" \/>\n<meta property=\"og:title\" content=\"Om oss - Xspray\" \/>\n<meta property=\"og:url\" content=\"https:\/\/xspraypharma.com\/sv\/om-oss\/\" \/>\n<meta property=\"og:site_name\" content=\"Xspray\" \/>\n<meta property=\"article:modified_time\" content=\"2025-03-21T12:30:57+00:00\" \/>\n<meta name=\"twitter:card\" content=\"summary_large_image\" \/>\n<script type=\"application\/ld+json\" class=\"yoast-schema-graph\">{\"@context\":\"https:\/\/schema.org\",\"@graph\":[{\"@type\":\"WebPage\",\"@id\":\"https:\/\/xspraypharma.com\/sv\/om-oss\/\",\"url\":\"https:\/\/xspraypharma.com\/sv\/om-oss\/\",\"name\":\"Om oss - Xspray\",\"isPartOf\":{\"@id\":\"https:\/\/xspraypharma.com\/sv\/#website\"},\"datePublished\":\"2019-11-10T15:18:24+00:00\",\"dateModified\":\"2025-03-21T12:30:57+00:00\",\"breadcrumb\":{\"@id\":\"https:\/\/xspraypharma.com\/sv\/om-oss\/#breadcrumb\"},\"inLanguage\":\"sv-SE\",\"potentialAction\":[{\"@type\":\"ReadAction\",\"target\":[\"https:\/\/xspraypharma.com\/sv\/om-oss\/\"]}]},{\"@type\":\"BreadcrumbList\",\"@id\":\"https:\/\/xspraypharma.com\/sv\/om-oss\/#breadcrumb\",\"itemListElement\":[{\"@type\":\"ListItem\",\"position\":1,\"name\":\"Home\",\"item\":\"https:\/\/xspraypharma.com\/sv\/\"},{\"@type\":\"ListItem\",\"position\":2,\"name\":\"Om oss\"}]},{\"@type\":\"WebSite\",\"@id\":\"https:\/\/xspraypharma.com\/sv\/#website\",\"url\":\"https:\/\/xspraypharma.com\/sv\/\",\"name\":\"Xspray\",\"description\":\"\",\"potentialAction\":[{\"@type\":\"SearchAction\",\"target\":{\"@type\":\"EntryPoint\",\"urlTemplate\":\"https:\/\/xspraypharma.com\/sv\/?s={search_term_string}\"},\"query-input\":{\"@type\":\"PropertyValueSpecification\",\"valueRequired\":true,\"valueName\":\"search_term_string\"}}],\"inLanguage\":\"sv-SE\"}]}<\/script>\n<!-- \/ Yoast SEO plugin. -->","yoast_head_json":{"title":"Om oss - Xspray","robots":{"index":"index","follow":"follow","max-snippet":"max-snippet:-1","max-image-preview":"max-image-preview:large","max-video-preview":"max-video-preview:-1"},"canonical":"https:\/\/xspraypharma.com\/sv\/om-oss\/","og_locale":"sv_SE","og_type":"article","og_title":"Om oss - Xspray","og_url":"https:\/\/xspraypharma.com\/sv\/om-oss\/","og_site_name":"Xspray","article_modified_time":"2025-03-21T12:30:57+00:00","twitter_card":"summary_large_image","schema":{"@context":"https:\/\/schema.org","@graph":[{"@type":"WebPage","@id":"https:\/\/xspraypharma.com\/sv\/om-oss\/","url":"https:\/\/xspraypharma.com\/sv\/om-oss\/","name":"Om oss - Xspray","isPartOf":{"@id":"https:\/\/xspraypharma.com\/sv\/#website"},"datePublished":"2019-11-10T15:18:24+00:00","dateModified":"2025-03-21T12:30:57+00:00","breadcrumb":{"@id":"https:\/\/xspraypharma.com\/sv\/om-oss\/#breadcrumb"},"inLanguage":"sv-SE","potentialAction":[{"@type":"ReadAction","target":["https:\/\/xspraypharma.com\/sv\/om-oss\/"]}]},{"@type":"BreadcrumbList","@id":"https:\/\/xspraypharma.com\/sv\/om-oss\/#breadcrumb","itemListElement":[{"@type":"ListItem","position":1,"name":"Home","item":"https:\/\/xspraypharma.com\/sv\/"},{"@type":"ListItem","position":2,"name":"Om oss"}]},{"@type":"WebSite","@id":"https:\/\/xspraypharma.com\/sv\/#website","url":"https:\/\/xspraypharma.com\/sv\/","name":"Xspray","description":"","potentialAction":[{"@type":"SearchAction","target":{"@type":"EntryPoint","urlTemplate":"https:\/\/xspraypharma.com\/sv\/?s={search_term_string}"},"query-input":{"@type":"PropertyValueSpecification","valueRequired":true,"valueName":"search_term_string"}}],"inLanguage":"sv-SE"}]}},"_links":{"self":[{"href":"https:\/\/xspraypharma.com\/sv\/wp-json\/wp\/v2\/pages\/1707","targetHints":{"allow":["GET"]}}],"collection":[{"href":"https:\/\/xspraypharma.com\/sv\/wp-json\/wp\/v2\/pages"}],"about":[{"href":"https:\/\/xspraypharma.com\/sv\/wp-json\/wp\/v2\/types\/page"}],"author":[{"embeddable":true,"href":"https:\/\/xspraypharma.com\/sv\/wp-json\/wp\/v2\/users\/1"}],"replies":[{"embeddable":true,"href":"https:\/\/xspraypharma.com\/sv\/wp-json\/wp\/v2\/comments?post=1707"}],"version-history":[{"count":39,"href":"https:\/\/xspraypharma.com\/sv\/wp-json\/wp\/v2\/pages\/1707\/revisions"}],"predecessor-version":[{"id":10556,"href":"https:\/\/xspraypharma.com\/sv\/wp-json\/wp\/v2\/pages\/1707\/revisions\/10556"}],"wp:attachment":[{"href":"https:\/\/xspraypharma.com\/sv\/wp-json\/wp\/v2\/media?parent=1707"}],"curies":[{"name":"wp","href":"https:\/\/api.w.org\/{rel}","templated":true}]}}